{"id":6284,"date":"2017-12-13T10:21:38","date_gmt":"2017-12-13T10:21:38","guid":{"rendered":"http:\/\/umsoprodealegria.ibername.com\/~demos\/stephan.com.pt\/facades"},"modified":"2018-08-14T08:53:41","modified_gmt":"2018-08-14T08:53:41","slug":"fassaden","status":"publish","type":"page","link":"https:\/\/copy.stephan.ch\/de\/fassaden","title":{"rendered":"FASSADEN"},"content":{"rendered":"[vc_row type=&#8220;in_container&#8220; full_screen_row_position=&#8220;middle&#8220; mouse_based_parallax_bg=&#8220;true&#8220; scene_position=&#8220;center&#8220; layer_one_image=&#8220;5116&#8243; layer_one_strength=&#8220;1&#8243; text_color=&#8220;dark&#8220; text_align=&#8220;left&#8220; top_padding=&#8220;120&#8243; bottom_padding=&#8220;100&#8243; overlay_strength=&#8220;0.3&#8243; shape_divider_position=&#8220;bottom&#8220; shape_type=&#8220;&#8220;][vc_column column_padding=&#8220;no-extra-padding&#8220; column_padding_position=&#8220;all&#8220; background_color_opacity=&#8220;1&#8243; background_hover_color_opacity=&#8220;1&#8243; column_shadow=&#8220;none&#8220; column_border_radius=&#8220;none&#8220; width=&#8220;1\/4&#8243; tablet_text_alignment=&#8220;default&#8220; phone_text_alignment=&#8220;default&#8220; column_border_width=&#8220;none&#8220; column_border_style=&#8220;solid&#8220;][\/vc_column][vc_column enable_animation=&#8220;true&#8220; animation=&#8220;fade-in-from-bottom&#8220; column_padding=&#8220;no-extra-padding&#8220; column_padding_position=&#8220;all&#8220; background_color_opacity=&#8220;1&#8243; background_hover_color_opacity=&#8220;1&#8243; column_shadow=&#8220;none&#8220; column_border_radius=&#8220;none&#8220; width=&#8220;1\/2&#8243; tablet_text_alignment=&#8220;default&#8220; phone_text_alignment=&#8220;default&#8220; column_border_width=&#8220;none&#8220; column_border_style=&#8220;solid&#8220;][nectar_gradient_text heading_tag=&#8220;h1&#8243; color=&#8220;extra-color-gradient-1&#8243; gradient_direction=&#8220;horizontal&#8220; text=&#8220;ENTWURF, ENTWICKLUNG, HERSTELLUNG UND MONTAGE VON FASSADEN.&#8220;][vc_column_text]Unsere hochspezialisierten Teams k\u00f6nnen Sie bei der Realisierung Ihrer Projekte beraten. Vom Entwurf \u00fcber die Entwicklung bis hin zur Realisierung k\u00f6nnen wir Ihnen ein massgeschneidertes Angebot f\u00fcr Fassadenarbeiten vorlegen.<\/p>\n<p>In unserem Portfolio haben wir mehrere Arten von bereits realisierten Werken: Industrie-, Ausstellungs- und Lagerhallen, Verwaltungsgeb\u00e4ude, B\u00fcros und Gesch\u00e4fte, Vorhangfassaden, Fassadenelemente, hinterl\u00fcftete Fassaden und andere Arten von speziellen Ma\u00dfanfertigungen.[\/vc_column_text][\/vc_column][vc_column column_padding=&#8220;no-extra-padding&#8220; column_padding_position=&#8220;all&#8220; background_color_opacity=&#8220;1&#8243; background_hover_color_opacity=&#8220;1&#8243; column_shadow=&#8220;none&#8220; column_border_radius=&#8220;none&#8220; width=&#8220;1\/4&#8243; tablet_text_alignment=&#8220;default&#8220; phone_text_alignment=&#8220;default&#8220; column_border_width=&#8220;none&#8220; column_border_style=&#8220;solid&#8220;][\/vc_column][\/vc_row][vc_row type=&#8220;full_width_content&#8220; full_screen_row_position=&#8220;middle&#8220; scene_position=&#8220;center&#8220; text_color=&#8220;light&#8220; text_align=&#8220;left&#8220; top_padding=&#8220;0&#8243; bottom_padding=&#8220;120&#8243; overlay_strength=&#8220;0.3&#8243; shape_divider_position=&#8220;bottom&#8220; shape_type=&#8220;&#8220;][vc_column enable_animation=&#8220;true&#8220; animation=&#8220;fade-in-from-bottom&#8220; centered_text=&#8220;true&#8220; column_padding=&#8220;no-extra-padding&#8220; column_padding_position=&#8220;all&#8220; background_color_opacity=&#8220;1&#8243; background_hover_color_opacity=&#8220;1&#8243; column_shadow=&#8220;none&#8220; column_border_radius=&#8220;none&#8220; top_margin=&#8220;0&#8243; bottom_margin=&#8220;0&#8243; width=&#8220;1\/1&#8243; tablet_text_alignment=&#8220;default&#8220; phone_text_alignment=&#8220;default&#8220; column_border_width=&#8220;none&#8220; column_border_style=&#8220;solid&#8220;][vc_row_inner column_margin=&#8220;default&#8220; text_align=&#8220;left&#8220;][vc_column_inner column_padding=&#8220;no-extra-padding&#8220; column_padding_position=&#8220;all&#8220; background_color_opacity=&#8220;1&#8243; background_hover_color_opacity=&#8220;1&#8243; column_shadow=&#8220;none&#8220; column_border_radius=&#8220;none&#8220; width=&#8220;1\/4&#8243; column_border_width=&#8220;none&#8220; column_border_style=&#8220;solid&#8220;][\/vc_column_inner][vc_column_inner column_padding=&#8220;no-extra-padding&#8220; column_padding_position=&#8220;all&#8220; background_color_opacity=&#8220;1&#8243; background_hover_color_opacity=&#8220;1&#8243; column_shadow=&#8220;none&#8220; column_border_radius=&#8220;none&#8220; width=&#8220;1\/2&#8243; column_border_width=&#8220;none&#8220; column_border_style=&#8220;solid&#8220;][nectar_gradient_text heading_tag=&#8220;h4&#8243; color=&#8220;extra-color-gradient-1&#8243; gradient_direction=&#8220;horizontal&#8220; text=&#8220;UNSERE PROJEKTE<br \/>\nFASSADEN&#8220;]<div class=\"divider-wrap\"><div style=\"height: 40px;\" class=\"divider\"><\/div><\/div>[\/vc_column_inner][vc_column_inner column_padding=&#8220;no-extra-padding&#8220; column_padding_position=&#8220;all&#8220; background_color_opacity=&#8220;1&#8243; background_hover_color_opacity=&#8220;1&#8243; column_shadow=&#8220;none&#8220; column_border_radius=&#8220;none&#8220; width=&#8220;1\/4&#8243; column_border_width=&#8220;none&#8220; column_border_style=&#8220;solid&#8220;][\/vc_column_inner][\/vc_row_inner]\t\r\n\t\r\n\r\n\r\n\t<div class=\"portfolio-wrap \">\r\n\t\t\t\r\n\t\t\t\r\n\t\t\t<span class=\"portfolio-loading  none\">   <\/span>\r\n\r\n\t\t\t\r\n\t\t\t\t\t\t\r\n\t\t\t<div class=\"row portfolio-items masonry-items  fullwidth-constrained  \" data-rcp=\"false\" data-masonry-type=\"default\" data-ps=\"3\" data-starting-filter=\"\" data-gutter=\"5px\" data-categories-to-show=\"facades\" data-lightbox-only=\"0\" data-col-num=\"elastic\">\r\n\t\t\t\t\t\t\t\t\t\r\n\t\t\t\t\t\t\t\t\t\t\r\n\t\t\t\t\t<div class=\"col elastic-portfolio-item wide element fassaden \"  data-project-cat=\"fassaden \" data-default-color=\"true\" data-title-color=\"\" data-subtitle-color=\"\">\r\n\t\t\t\t\t\t\r\n\t\t\t\t\t\t<div class=\"inner-wrap animated\" data-animation=\"perspective\">\r\n\r\n\t\t\t\t\t\t\t\t\t\t\t\t\t\r\n\t\t\t\t\t\t\t<div class=\"work-item style-3\" data-custom-content=\"off\" data-text-align=\"middle\">\r\n\t\t\t\t\t\t\t\t\r\n\t\t\t\t\t\t\t\t<img class=\"size-wide\" src=\"https:\/\/copy.stephan.ch\/wp-content\/uploads\/2019\/02\/Capture4-1000x500.png\" alt=\"\" height=\"500\" width=\"1000\" srcset=\"https:\/\/copy.stephan.ch\/wp-content\/uploads\/2019\/02\/Capture4-1000x500.png 1000w, https:\/\/copy.stephan.ch\/wp-content\/uploads\/2019\/02\/Capture4-670x335.png 670w\" sizes=\"(min-width: 1600px) 40vw, (min-width: 1300px) 50vw, (min-width: 1000px) 66.6vw, (min-width: 690px) 100vw, 100vw\" \/>\t\t\t\t\r\n\t\t\t\t\t\t\t\t<div class=\"work-info-bg\"><\/div>\r\n\t\t\t\t\t\t\t\t<div class=\"work-info\">\r\n\t\t\t\t\t\t\t\t\t\r\n\t\t\t\t\t\t\t\t\t\t\t\t\t\t\t\t\t\t\t\t\r\n\t\t\t\t\t\t\t\t\t\t\t<a href=\"https:\/\/copy.stephan.ch\/de\/portfolio\/r3-valpraxis\"><\/a>\r\n\t\t\t\t\t\t\t\t\t\t\r\n\t\t\t\t\t\t\t\t\t\t\t\t\t\t\t\t\t\t\t\r\n\t\t\t\t\r\n\t\t\t\t\t\t\t\t\t<div class=\"vert-center\">\r\n\t\t\t\t\t\t\t\t\t\t\t\r\n\t\t\t\t\t\t\t\t\t\t\t<h3>R3 Valpraxis <\/h3> \r\n\t\t\t\t\t\t\t\t\t\t\t<p>6 Februar , 2019<\/p>\t\t\t\t\t\t\t\t\t\t\t\t\t\t\t\t\t\t\t<\/div><!--\/vert-center-->\r\n\t\t\t\t\t\t\t\t\t\r\n\t\t\t\t\t\t\t\t<\/div>\r\n\t\t\t\t\t\t\t<\/div><!--work-item-->\r\n\t\t\t\t\t\t\t\r\n\t\t\t\t\t\t\t\t\t\t\t\t\r\n\t\t\t\t\t\t\r\n\t\t\t\t\t<\/div><!--\/inner-wrap-->\r\n\t\t\t\t\t<\/div><!--\/col-->\r\n\t\t\t\t\t\r\n\t\t\t\t\t\t\t\t\t\r\n\t\t\t\t\t\t\t\t\t\t\r\n\t\t\t\t\t<div class=\"col elastic-portfolio-item wide element fassaden \"  data-project-cat=\"fassaden \" data-default-color=\"true\" data-title-color=\"\" data-subtitle-color=\"\">\r\n\t\t\t\t\t\t\r\n\t\t\t\t\t\t<div class=\"inner-wrap animated\" data-animation=\"perspective\">\r\n\r\n\t\t\t\t\t\t\t\t\t\t\t\t\t\r\n\t\t\t\t\t\t\t<div class=\"work-item style-3\" data-custom-content=\"off\" data-text-align=\"middle\">\r\n\t\t\t\t\t\t\t\t\r\n\t\t\t\t\t\t\t\t<img class=\"size-wide\" src=\"https:\/\/copy.stephan.ch\/wp-content\/uploads\/2017\/12\/EVAM_00-1000x500.jpg\" alt=\"\" height=\"500\" width=\"1000\" srcset=\"https:\/\/copy.stephan.ch\/wp-content\/uploads\/2017\/12\/EVAM_00-1000x500.jpg 1000w, https:\/\/copy.stephan.ch\/wp-content\/uploads\/2017\/12\/EVAM_00-670x335.jpg 670w\" sizes=\"(min-width: 1600px) 40vw, (min-width: 1300px) 50vw, (min-width: 1000px) 66.6vw, (min-width: 690px) 100vw, 100vw\" \/>\t\t\t\t\r\n\t\t\t\t\t\t\t\t<div class=\"work-info-bg\"><\/div>\r\n\t\t\t\t\t\t\t\t<div class=\"work-info\">\r\n\t\t\t\t\t\t\t\t\t\r\n\t\t\t\t\t\t\t\t\t\t\t\t\t\t\t\t\t\t\t\t\r\n\t\t\t\t\t\t\t\t\t\t\t<a href=\"https:\/\/copy.stephan.ch\/de\/portfolio\/evam\"><\/a>\r\n\t\t\t\t\t\t\t\t\t\t\r\n\t\t\t\t\t\t\t\t\t\t\t\t\t\t\t\t\t\t\t\r\n\t\t\t\t\r\n\t\t\t\t\t\t\t\t\t<div class=\"vert-center\">\r\n\t\t\t\t\t\t\t\t\t\t\t\r\n\t\t\t\t\t\t\t\t\t\t\t<h3>EVAM <\/h3> \r\n\t\t\t\t\t\t\t\t\t\t\t<p>21 M\u00e4rz , 2018<\/p>\t\t\t\t\t\t\t\t\t\t\t\t\t\t\t\t\t\t\t<\/div><!--\/vert-center-->\r\n\t\t\t\t\t\t\t\t\t\r\n\t\t\t\t\t\t\t\t<\/div>\r\n\t\t\t\t\t\t\t<\/div><!--work-item-->\r\n\t\t\t\t\t\t\t\r\n\t\t\t\t\t\t\t\t\t\t\t\t\r\n\t\t\t\t\t\t\r\n\t\t\t\t\t<\/div><!--\/inner-wrap-->\r\n\t\t\t\t\t<\/div><!--\/col-->\r\n\t\t\t\t\t\r\n\t\t\t\t\t\t\t\t\t\r\n\t\t\t\t\t\t\t\t\t\t\r\n\t\t\t\t\t<div class=\"col elastic-portfolio-item wide element fassaden \"  data-project-cat=\"fassaden \" data-default-color=\"true\" data-title-color=\"\" data-subtitle-color=\"\">\r\n\t\t\t\t\t\t\r\n\t\t\t\t\t\t<div class=\"inner-wrap animated\" data-animation=\"perspective\">\r\n\r\n\t\t\t\t\t\t\t\t\t\t\t\t\t\r\n\t\t\t\t\t\t\t<div class=\"work-item style-3\" data-custom-content=\"off\" data-text-align=\"middle\">\r\n\t\t\t\t\t\t\t\t\r\n\t\t\t\t\t\t\t\t<img class=\"size-wide\" src=\"https:\/\/copy.stephan.ch\/wp-content\/uploads\/2017\/12\/Zumwald_00-1000x500.jpg\" alt=\"\" height=\"500\" width=\"1000\" srcset=\"https:\/\/copy.stephan.ch\/wp-content\/uploads\/2017\/12\/Zumwald_00-1000x500.jpg 1000w, https:\/\/copy.stephan.ch\/wp-content\/uploads\/2017\/12\/Zumwald_00-670x335.jpg 670w\" sizes=\"(min-width: 1600px) 40vw, (min-width: 1300px) 50vw, (min-width: 1000px) 66.6vw, (min-width: 690px) 100vw, 100vw\" \/>\t\t\t\t\r\n\t\t\t\t\t\t\t\t<div class=\"work-info-bg\"><\/div>\r\n\t\t\t\t\t\t\t\t<div class=\"work-info\">\r\n\t\t\t\t\t\t\t\t\t\r\n\t\t\t\t\t\t\t\t\t\t\t\t\t\t\t\t\t\t\t\t\r\n\t\t\t\t\t\t\t\t\t\t\t<a href=\"https:\/\/copy.stephan.ch\/de\/portfolio\/zumwald-transports-sa\"><\/a>\r\n\t\t\t\t\t\t\t\t\t\t\r\n\t\t\t\t\t\t\t\t\t\t\t\t\t\t\t\t\t\t\t\r\n\t\t\t\t\r\n\t\t\t\t\t\t\t\t\t<div class=\"vert-center\">\r\n\t\t\t\t\t\t\t\t\t\t\t\r\n\t\t\t\t\t\t\t\t\t\t\t<h3>Zumwald Transports SA <\/h3> \r\n\t\t\t\t\t\t\t\t\t\t\t<p>20 M\u00e4rz , 2018<\/p>\t\t\t\t\t\t\t\t\t\t\t\t\t\t\t\t\t\t\t<\/div><!--\/vert-center-->\r\n\t\t\t\t\t\t\t\t\t\r\n\t\t\t\t\t\t\t\t<\/div>\r\n\t\t\t\t\t\t\t<\/div><!--work-item-->\r\n\t\t\t\t\t\t\t\r\n\t\t\t\t\t\t\t\t\t\t\t\t\r\n\t\t\t\t\t\t\r\n\t\t\t\t\t<\/div><!--\/inner-wrap-->\r\n\t\t\t\t\t<\/div><!--\/col-->\r\n\t\t\t\t\t\r\n\t\t\t\t\t\t\t\t\t\r\n\t\t\t\t\t\t\t\t\t\t\r\n\t\t\t\t\t<div class=\"col elastic-portfolio-item wide_tall element fassaden \"  data-project-cat=\"fassaden \" data-default-color=\"true\" data-title-color=\"\" data-subtitle-color=\"\">\r\n\t\t\t\t\t\t\r\n\t\t\t\t\t\t<div class=\"inner-wrap animated\" data-animation=\"perspective\">\r\n\r\n\t\t\t\t\t\t\t\t\t\t\t\t\t\r\n\t\t\t\t\t\t\t<div class=\"work-item style-3\" data-custom-content=\"off\" data-text-align=\"middle\">\r\n\t\t\t\t\t\t\t\t\r\n\t\t\t\t\t\t\t\t<img class=\"size-wide_tall\" src=\"https:\/\/copy.stephan.ch\/wp-content\/uploads\/2017\/12\/Tour_C1_00-1000x1000.jpg\" alt=\"\" height=\"1000\" width=\"1000\" srcset=\"https:\/\/copy.stephan.ch\/wp-content\/uploads\/2017\/12\/Tour_C1_00-1000x1000.jpg 1000w, https:\/\/copy.stephan.ch\/wp-content\/uploads\/2017\/12\/Tour_C1_00-500x500.jpg 500w\" sizes=\"(min-width: 1600px) 40vw, (min-width: 1300px) 50vw, (min-width: 1000px) 66.6vw, (min-width: 690px) 100vw, 100vw\" \/>\t\t\t\t\r\n\t\t\t\t\t\t\t\t<div class=\"work-info-bg\"><\/div>\r\n\t\t\t\t\t\t\t\t<div class=\"work-info\">\r\n\t\t\t\t\t\t\t\t\t\r\n\t\t\t\t\t\t\t\t\t\t\t\t\t\t\t\t\t\t\t\t\r\n\t\t\t\t\t\t\t\t\t\t\t<a href=\"https:\/\/copy.stephan.ch\/de\/portfolio\/tour-c1\"><\/a>\r\n\t\t\t\t\t\t\t\t\t\t\r\n\t\t\t\t\t\t\t\t\t\t\t\t\t\t\t\t\t\t\t\r\n\t\t\t\t\r\n\t\t\t\t\t\t\t\t\t<div class=\"vert-center\">\r\n\t\t\t\t\t\t\t\t\t\t\t\r\n\t\t\t\t\t\t\t\t\t\t\t<h3>Tour C1 <\/h3> \r\n\t\t\t\t\t\t\t\t\t\t\t<p>20 M\u00e4rz , 2018<\/p>\t\t\t\t\t\t\t\t\t\t\t\t\t\t\t\t\t\t\t<\/div><!--\/vert-center-->\r\n\t\t\t\t\t\t\t\t\t\r\n\t\t\t\t\t\t\t\t<\/div>\r\n\t\t\t\t\t\t\t<\/div><!--work-item-->\r\n\t\t\t\t\t\t\t\r\n\t\t\t\t\t\t\t\t\t\t\t\t\r\n\t\t\t\t\t\t\r\n\t\t\t\t\t<\/div><!--\/inner-wrap-->\r\n\t\t\t\t\t<\/div><!--\/col-->\r\n\t\t\t\t\t\r\n\t\t\t\t\t\t\t\t\t\r\n\t\t\t\t\t\t\t\t\t\t\r\n\t\t\t\t\t<div class=\"col elastic-portfolio-item wide element fassaden \"  data-project-cat=\"fassaden \" data-default-color=\"true\" data-title-color=\"\" data-subtitle-color=\"\">\r\n\t\t\t\t\t\t\r\n\t\t\t\t\t\t<div class=\"inner-wrap animated\" data-animation=\"perspective\">\r\n\r\n\t\t\t\t\t\t\t\t\t\t\t\t\t\r\n\t\t\t\t\t\t\t<div class=\"work-item style-3\" data-custom-content=\"off\" data-text-align=\"middle\">\r\n\t\t\t\t\t\t\t\t\r\n\t\t\t\t\t\t\t\t<img class=\"size-wide\" src=\"https:\/\/copy.stephan.ch\/wp-content\/uploads\/2017\/12\/Prodega_00-1000x500.jpg\" alt=\"\" height=\"500\" width=\"1000\" srcset=\"https:\/\/copy.stephan.ch\/wp-content\/uploads\/2017\/12\/Prodega_00-1000x500.jpg 1000w, https:\/\/copy.stephan.ch\/wp-content\/uploads\/2017\/12\/Prodega_00-670x335.jpg 670w\" sizes=\"(min-width: 1600px) 40vw, (min-width: 1300px) 50vw, (min-width: 1000px) 66.6vw, (min-width: 690px) 100vw, 100vw\" \/>\t\t\t\t\r\n\t\t\t\t\t\t\t\t<div class=\"work-info-bg\"><\/div>\r\n\t\t\t\t\t\t\t\t<div class=\"work-info\">\r\n\t\t\t\t\t\t\t\t\t\r\n\t\t\t\t\t\t\t\t\t\t\t\t\t\t\t\t\t\t\t\t\r\n\t\t\t\t\t\t\t\t\t\t\t<a href=\"https:\/\/copy.stephan.ch\/de\/portfolio\/prodega\"><\/a>\r\n\t\t\t\t\t\t\t\t\t\t\r\n\t\t\t\t\t\t\t\t\t\t\t\t\t\t\t\t\t\t\t\r\n\t\t\t\t\r\n\t\t\t\t\t\t\t\t\t<div class=\"vert-center\">\r\n\t\t\t\t\t\t\t\t\t\t\t\r\n\t\t\t\t\t\t\t\t\t\t\t<h3>Prodega <\/h3> \r\n\t\t\t\t\t\t\t\t\t\t\t<p>20 M\u00e4rz , 2018<\/p>\t\t\t\t\t\t\t\t\t\t\t\t\t\t\t\t\t\t\t<\/div><!--\/vert-center-->\r\n\t\t\t\t\t\t\t\t\t\r\n\t\t\t\t\t\t\t\t<\/div>\r\n\t\t\t\t\t\t\t<\/div><!--work-item-->\r\n\t\t\t\t\t\t\t\r\n\t\t\t\t\t\t\t\t\t\t\t\t\r\n\t\t\t\t\t\t\r\n\t\t\t\t\t<\/div><!--\/inner-wrap-->\r\n\t\t\t\t\t<\/div><!--\/col-->\r\n\t\t\t\t\t\r\n\t\t\t\t\t\t\t\t\t\r\n\t\t\t\t\t\t\t\t\t\t\r\n\t\t\t\t\t<div class=\"col elastic-portfolio-item tall element fassaden \"  data-project-cat=\"fassaden \" data-default-color=\"true\" data-title-color=\"\" data-subtitle-color=\"\">\r\n\t\t\t\t\t\t\r\n\t\t\t\t\t\t<div class=\"inner-wrap animated\" data-animation=\"perspective\">\r\n\r\n\t\t\t\t\t\t\t\t\t\t\t\t\t\r\n\t\t\t\t\t\t\t<div class=\"work-item style-3\" data-custom-content=\"off\" data-text-align=\"middle\">\r\n\t\t\t\t\t\t\t\t\r\n\t\t\t\t\t\t\t\t<img class=\"size-tall\" src=\"https:\/\/copy.stephan.ch\/wp-content\/uploads\/2017\/12\/Brenaz_00-500x1000.jpg\" alt=\"\" height=\"1000\" width=\"500\" srcset=\"https:\/\/copy.stephan.ch\/wp-content\/uploads\/2017\/12\/Brenaz_00-500x1000.jpg 500w, https:\/\/copy.stephan.ch\/wp-content\/uploads\/2017\/12\/Brenaz_00-500x1000.jpg 350w\" sizes=\"(min-width: 1600px) 20vw, (min-width: 1300px) 25vw, (min-width: 1000px) 33.3vw, (min-width: 690px) 50vw, 100vw\" \/>\t\t\t\t\r\n\t\t\t\t\t\t\t\t<div class=\"work-info-bg\"><\/div>\r\n\t\t\t\t\t\t\t\t<div class=\"work-info\">\r\n\t\t\t\t\t\t\t\t\t\r\n\t\t\t\t\t\t\t\t\t\t\t\t\t\t\t\t\t\t\t\t\r\n\t\t\t\t\t\t\t\t\t\t\t<a href=\"https:\/\/copy.stephan.ch\/de\/portfolio\/haftanstalt-von-brenaz\"><\/a>\r\n\t\t\t\t\t\t\t\t\t\t\r\n\t\t\t\t\t\t\t\t\t\t\t\t\t\t\t\t\t\t\t\r\n\t\t\t\t\r\n\t\t\t\t\t\t\t\t\t<div class=\"vert-center\">\r\n\t\t\t\t\t\t\t\t\t\t\t\r\n\t\t\t\t\t\t\t\t\t\t\t<h3>Haftanstalt von Brenaz <\/h3> \r\n\t\t\t\t\t\t\t\t\t\t\t<p>20 M\u00e4rz , 2018<\/p>\t\t\t\t\t\t\t\t\t\t\t\t\t\t\t\t\t\t\t<\/div><!--\/vert-center-->\r\n\t\t\t\t\t\t\t\t\t\r\n\t\t\t\t\t\t\t\t<\/div>\r\n\t\t\t\t\t\t\t<\/div><!--work-item-->\r\n\t\t\t\t\t\t\t\r\n\t\t\t\t\t\t\t\t\t\t\t\t\r\n\t\t\t\t\t\t\r\n\t\t\t\t\t<\/div><!--\/inner-wrap-->\r\n\t\t\t\t\t<\/div><!--\/col-->\r\n\t\t\t\t\t\r\n\t\t\t\t\t\t\t\t\t\r\n\t\t\t\t\t\t\t\t\t\t\r\n\t\t\t\t\t<div class=\"col elastic-portfolio-item wide element fassaden \"  data-project-cat=\"fassaden \" data-default-color=\"true\" data-title-color=\"\" data-subtitle-color=\"\">\r\n\t\t\t\t\t\t\r\n\t\t\t\t\t\t<div class=\"inner-wrap animated\" data-animation=\"perspective\">\r\n\r\n\t\t\t\t\t\t\t\t\t\t\t\t\t\r\n\t\t\t\t\t\t\t<div class=\"work-item style-3\" data-custom-content=\"off\" data-text-align=\"middle\">\r\n\t\t\t\t\t\t\t\t\r\n\t\t\t\t\t\t\t\t<img class=\"size-wide\" src=\"https:\/\/copy.stephan.ch\/wp-content\/uploads\/2017\/12\/Movarco_00-1000x500.jpg\" alt=\"\" height=\"500\" width=\"1000\" srcset=\"https:\/\/copy.stephan.ch\/wp-content\/uploads\/2017\/12\/Movarco_00-1000x500.jpg 1000w, https:\/\/copy.stephan.ch\/wp-content\/uploads\/2017\/12\/Movarco_00-670x335.jpg 670w\" sizes=\"(min-width: 1600px) 40vw, (min-width: 1300px) 50vw, (min-width: 1000px) 66.6vw, (min-width: 690px) 100vw, 100vw\" \/>\t\t\t\t\r\n\t\t\t\t\t\t\t\t<div class=\"work-info-bg\"><\/div>\r\n\t\t\t\t\t\t\t\t<div class=\"work-info\">\r\n\t\t\t\t\t\t\t\t\t\r\n\t\t\t\t\t\t\t\t\t\t\t\t\t\t\t\t\t\t\t\t\r\n\t\t\t\t\t\t\t\t\t\t\t<a href=\"https:\/\/copy.stephan.ch\/de\/portfolio\/movarco\"><\/a>\r\n\t\t\t\t\t\t\t\t\t\t\r\n\t\t\t\t\t\t\t\t\t\t\t\t\t\t\t\t\t\t\t\r\n\t\t\t\t\r\n\t\t\t\t\t\t\t\t\t<div class=\"vert-center\">\r\n\t\t\t\t\t\t\t\t\t\t\t\r\n\t\t\t\t\t\t\t\t\t\t\t<h3>Movarco <\/h3> \r\n\t\t\t\t\t\t\t\t\t\t\t<p>20 M\u00e4rz , 2018<\/p>\t\t\t\t\t\t\t\t\t\t\t\t\t\t\t\t\t\t\t<\/div><!--\/vert-center-->\r\n\t\t\t\t\t\t\t\t\t\r\n\t\t\t\t\t\t\t\t<\/div>\r\n\t\t\t\t\t\t\t<\/div><!--work-item-->\r\n\t\t\t\t\t\t\t\r\n\t\t\t\t\t\t\t\t\t\t\t\t\r\n\t\t\t\t\t\t\r\n\t\t\t\t\t<\/div><!--\/inner-wrap-->\r\n\t\t\t\t\t<\/div><!--\/col-->\r\n\t\t\t\t\t\r\n\t\t\t\t\r\n\t\t\t<\/div><!--\/portfolio-->\r\n\t   <\/div><!--\/portfolio wrap-->\r\n\t\t\r\n\t\t<div class=\"divider-wrap\"><div style=\"height: 40px;\" class=\"divider\"><\/div><\/div>[nectar_btn size=&#8220;medium&#8220; button_style=&#8220;see-through-2&#8243; color_override=&#8220;#0081c4&#8243; hover_text_color_override=&#8220;#ffffff&#8220; icon_family=&#8220;none&#8220; url=&#8220;portfolio&#8220; text=&#8220;Sehen Sie alle unsere Referenzen&#8220; css_animation=&#8220;fadeInUp&#8220;][\/vc_column][\/vc_row][vc_row type=&#8220;full_width_background&#8220; full_screen_row_position=&#8220;middle&#8220; bg_image=&#8220;5774&#8243; bg_position=&#8220;left top&#8220; bg_repeat=&#8220;no-repeat&#8220; parallax_bg=&#8220;true&#8220; parallax_bg_speed=&#8220;medium&#8220; scene_position=&#8220;center&#8220; text_color=&#8220;dark&#8220; text_align=&#8220;left&#8220; top_padding=&#8220;90&#8243; bottom_padding=&#8220;90&#8243; overlay_strength=&#8220;0.3&#8243; shape_divider_position=&#8220;bottom&#8220; shape_type=&#8220;&#8220;][vc_column centered_text=&#8220;true&#8220; column_padding=&#8220;padding-10-percent&#8220; column_padding_position=&#8220;left&#8220; background_color_opacity=&#8220;1&#8243; background_hover_color_opacity=&#8220;1&#8243; column_shadow=&#8220;none&#8220; column_border_radius=&#8220;none&#8220; width=&#8220;1\/3&#8243; tablet_text_alignment=&#8220;default&#8220; phone_text_alignment=&#8220;default&#8220; column_border_width=&#8220;none&#8220; column_border_style=&#8220;solid&#8220;]<div class=\"milestone-wrap\"><div class=\"nectar-milestone motion_blur\"  data-ms-align=\"default\" > <div class=\"number accent-color\" data-number-size=\"250\"><h1>5<\/h1><\/div> <div class=\"subject\" style=\"padding: 2%;\">Abteilungen<\/div> <\/div><\/div>[\/vc_column][vc_column enable_animation=&#8220;true&#8220; animation=&#8220;fade-in-from-bottom&#8220; centered_text=&#8220;true&#8220; column_padding=&#8220;no-extra-padding&#8220; column_padding_position=&#8220;all&#8220; background_color_opacity=&#8220;1&#8243; background_hover_color_opacity=&#8220;1&#8243; column_shadow=&#8220;none&#8220; column_border_radius=&#8220;none&#8220; width=&#8220;1\/3&#8243; tablet_text_alignment=&#8220;default&#8220; phone_text_alignment=&#8220;default&#8220; column_border_width=&#8220;none&#8220; column_border_style=&#8220;solid&#8220;]<div class=\"divider-wrap\"><div style=\"height: 50px;\" class=\"divider\"><\/div><\/div>[nectar_btn size=&#8220;small&#8220; button_style=&#8220;see-through&#8220; button_color_2=&#8220;Extra-Color-3&#8243; icon_family=&#8220;none&#8220; url=&#8220;stahlbau&#8220; text=&#8220;Stahlbau&#8220; css_animation=&#8220;fadeInUp&#8220;]<div class=\"divider-wrap\"><div style=\"height: 5px;\" class=\"divider\"><\/div><\/div>[nectar_btn size=&#8220;small&#8220; button_style=&#8220;see-through&#8220; button_color_2=&#8220;Extra-Color-3&#8243; icon_family=&#8220;none&#8220; url=&#8220;fassaden&#8220; text=&#8220;Fassaden&#8220; css_animation=&#8220;fadeInUp&#8220;]<div class=\"divider-wrap\"><div style=\"height: 5px;\" class=\"divider\"><\/div><\/div>[nectar_btn size=&#8220;small&#8220; button_style=&#8220;see-through&#8220; button_color_2=&#8220;Extra-Color-3&#8243; icon_family=&#8220;none&#8220; url=&#8220;krananlagen&#8220; text=&#8220;Krananlagen&#8220; css_animation=&#8220;fadeInUp&#8220;]<div class=\"divider-wrap\"><div style=\"height: 5px;\" class=\"divider\"><\/div><\/div>[nectar_btn size=&#8220;small&#8220; button_style=&#8220;see-through&#8220; button_color_2=&#8220;Extra-Color-3&#8243; icon_family=&#8220;none&#8220; url=&#8220;schweisskonstruktionen&#8220; text=&#8220;Schweisskonstruktionen&#8220; css_animation=&#8220;fadeInUp&#8220;]<div class=\"divider-wrap\"><div style=\"height: 5px;\" class=\"divider\"><\/div><\/div>[nectar_btn size=&#8220;small&#8220; button_style=&#8220;see-through&#8220; button_color_2=&#8220;Extra-Color-3&#8243; icon_family=&#8220;none&#8220; url=&#8220;kundendienst&#8220; text=&#8220;Kundendienst&#8220; css_animation=&#8220;fadeInUp&#8220;][\/vc_column][vc_column centered_text=&#8220;true&#8220; column_padding=&#8220;padding-10-percent&#8220; column_padding_position=&#8220;right&#8220; background_color_opacity=&#8220;1&#8243; background_hover_color_opacity=&#8220;1&#8243; column_shadow=&#8220;none&#8220; column_border_radius=&#8220;none&#8220; width=&#8220;1\/3&#8243; tablet_text_alignment=&#8220;default&#8220; phone_text_alignment=&#8220;default&#8220; column_border_width=&#8220;none&#8220; column_border_style=&#8220;solid&#8220;]<div class=\"milestone-wrap\"><div class=\"nectar-milestone motion_blur\"  data-ms-align=\"default\" > <div class=\"number accent-color\" data-number-size=\"250\"><h1>1<\/h1><\/div> <div class=\"subject\" style=\"padding: 2%;\">Partner<\/div> <\/div><\/div>[\/vc_column][\/vc_row][vc_row type=&#8220;full_width_background&#8220; full_screen_row_position=&#8220;middle&#8220; bg_color=&#8220;#f2f2f2&#8243; scene_position=&#8220;center&#8220; text_color=&#8220;dark&#8220; text_align=&#8220;left&#8220; top_padding=&#8220;40&#8243; bottom_padding=&#8220;40&#8243; overlay_strength=&#8220;0.3&#8243; shape_divider_position=&#8220;bottom&#8220; shape_type=&#8220;&#8220;][vc_column enable_animation=&#8220;true&#8220; animation=&#8220;grow-in&#8220; centered_text=&#8220;true&#8220; column_padding=&#8220;no-extra-padding&#8220; column_padding_position=&#8220;all&#8220; background_color_opacity=&#8220;1&#8243; background_hover_color_opacity=&#8220;1&#8243; column_shadow=&#8220;none&#8220; column_border_radius=&#8220;none&#8220; width=&#8220;1\/1&#8243; tablet_text_alignment=&#8220;default&#8220; phone_text_alignment=&#8220;default&#8220; column_border_width=&#8220;none&#8220; column_border_style=&#8220;solid&#8220;][nectar_video_lightbox link_style=&#8220;play_button_with_text&#8220; nectar_play_button_color=&#8220;Default-Accent-Color&#8220; font_style=&#8220;h4&#8243; video_url=&#8220;https:\/\/vimeo.com\/284884797&#8243; link_text=&#8220;Firmenvideo ansehen &#8222;][\/vc_column][\/vc_row]\n","protected":false},"excerpt":{"rendered":"<p>[vc_row type=&#8220;in_container&#8220; full_screen_row_position=&#8220;middle&#8220; mouse_based_parallax_bg=&#8220;true&#8220; scene_position=&#8220;center&#8220; layer_one_image=&#8220;5116&#8243; layer_one_strength=&#8220;1&#8243; text_color=&#8220;dark&#8220; text_align=&#8220;left&#8220; top_padding=&#8220;120&#8243; bottom_padding=&#8220;100&#8243; overlay_strength=&#8220;0.3&#8243; shape_divider_position=&#8220;bottom&#8220; shape_type=&#8220;&#8220;][vc_column column_padding=&#8220;no-extra-padding&#8220; column_padding_position=&#8220;all&#8220; background_color_opacity=&#8220;1&#8243; background_hover_color_opacity=&#8220;1&#8243; column_shadow=&#8220;none&#8220; column_border_radius=&#8220;none&#8220; width=&#8220;1\/4&#8243; tablet_text_alignment=&#8220;default&#8220; phone_text_alignment=&#8220;default&#8220; column_border_width=&#8220;none&#8220; column_border_style=&#8220;solid&#8220;][\/vc_column][vc_column enable_animation=&#8220;true&#8220; animation=&#8220;fade-in-from-bottom&#8220; column_padding=&#8220;no-extra-padding&#8220; column_padding_position=&#8220;all&#8220; background_color_opacity=&#8220;1&#8243;&#8230;<\/p>\n","protected":false},"author":1,"featured_media":0,"parent":0,"menu_order":0,"comment_status":"closed","ping_status":"closed","template":"","meta":[],"acf":[],"_links":{"self":[{"href":"https:\/\/copy.stephan.ch\/de\/wp-json\/wp\/v2\/pages\/6284"}],"collection":[{"href":"https:\/\/copy.stephan.ch\/de\/wp-json\/wp\/v2\/pages"}],"about":[{"href":"https:\/\/copy.stephan.ch\/de\/wp-json\/wp\/v2\/types\/page"}],"author":[{"embeddable":true,"href":"https:\/\/copy.stephan.ch\/de\/wp-json\/wp\/v2\/users\/1"}],"replies":[{"embeddable":true,"href":"https:\/\/copy.stephan.ch\/de\/wp-json\/wp\/v2\/comments?post=6284"}],"version-history":[{"count":5,"href":"https:\/\/copy.stephan.ch\/de\/wp-json\/wp\/v2\/pages\/6284\/revisions"}],"predecessor-version":[{"id":6865,"href":"https:\/\/copy.stephan.ch\/de\/wp-json\/wp\/v2\/pages\/6284\/revisions\/6865"}],"wp:attachment":[{"href":"https:\/\/copy.stephan.ch\/de\/wp-json\/wp\/v2\/media?parent=6284"}],"curies":[{"name":"wp","href":"https:\/\/api.w.org\/{rel}","templated":true}]}}