{"id":6288,"date":"2017-12-13T16:10:37","date_gmt":"2017-12-13T16:10:37","guid":{"rendered":"http:\/\/umsoprodealegria.ibername.com\/~demos\/stephan.com.pt\/mecano-soudure"},"modified":"2018-08-17T08:35:38","modified_gmt":"2018-08-17T08:35:38","slug":"schweisskonstruktionen","status":"publish","type":"page","link":"https:\/\/copy.stephan.ch\/de\/schweisskonstruktionen","title":{"rendered":"SCHWEISSKONSTRUKTIONEN"},"content":{"rendered":"[vc_row type=&#8220;in_container&#8220; full_screen_row_position=&#8220;middle&#8220; mouse_based_parallax_bg=&#8220;true&#8220; scene_position=&#8220;center&#8220; layer_one_image=&#8220;6551&#8243; layer_one_strength=&#8220;1&#8243; text_color=&#8220;dark&#8220; text_align=&#8220;left&#8220; top_padding=&#8220;100&#8243; bottom_padding=&#8220;100&#8243; overlay_strength=&#8220;0.3&#8243; shape_divider_position=&#8220;bottom&#8220; shape_type=&#8220;&#8220;][vc_column column_padding=&#8220;no-extra-padding&#8220; column_padding_position=&#8220;all&#8220; background_color_opacity=&#8220;1&#8243; background_hover_color_opacity=&#8220;1&#8243; column_shadow=&#8220;none&#8220; column_border_radius=&#8220;none&#8220; width=&#8220;1\/4&#8243; tablet_text_alignment=&#8220;default&#8220; phone_text_alignment=&#8220;default&#8220; column_border_width=&#8220;none&#8220; column_border_style=&#8220;solid&#8220;][\/vc_column][vc_column enable_animation=&#8220;true&#8220; animation=&#8220;fade-in-from-bottom&#8220; column_padding=&#8220;no-extra-padding&#8220; column_padding_position=&#8220;all&#8220; background_color_opacity=&#8220;1&#8243; background_hover_color_opacity=&#8220;1&#8243; column_shadow=&#8220;none&#8220; column_border_radius=&#8220;none&#8220; width=&#8220;1\/2&#8243; tablet_text_alignment=&#8220;default&#8220; phone_text_alignment=&#8220;default&#8220; column_border_width=&#8220;none&#8220; column_border_style=&#8220;solid&#8220;][nectar_gradient_text heading_tag=&#8220;h1&#8243; color=&#8220;extra-color-gradient-1&#8243; gradient_direction=&#8220;horizontal&#8220; text=&#8220;SCHWEISSKONSTRUKTIONEN.&#8220;][vc_column_text]Entwurf und Herstellung von Schweisskonstruktionen in den Bereichen Hochbau, Eisenbahn und Maschinenindustrie. Ausf\u00fchrung aller eingehenden Auftr\u00e4ge gem\u00e4ss Kundenwunsch.<br \/>\n[\/vc_column_text]<div class=\"divider-wrap\"><div style=\"height: 15px;\" class=\"divider\"><\/div><\/div>[nectar_gradient_text heading_tag=&#8220;h5&#8243; color=&#8220;extra-color-gradient-1&#8243; gradient_direction=&#8220;horizontal&#8220; text=&#8220;UNSERE EXPERTISE IN SCHWEISSKONSTRUKTIONEN&#8220;][vc_column_text]Bahnwagen (EN 15085) <a href=\"portfolio\/bahnwagen-en-15085\">[ + ]<\/a><br \/>\nMaschinenchassis <a href=\"portfolio\/maschinenchassis-achterbahnwagen\">[ + ]<\/a><br \/>\nAchterbahnwagen <a href=\"portfolio\/maschinenchassis-achterbahnwagen\">[ + ]<\/a><br \/>\nBahnprodukte <a href=\"portfolio\/bahnprodukte\">[ + ]<\/a><br \/>\nBlechbearbeitung<br \/>\nMechanische Fertigungen[\/vc_column_text][\/vc_column][vc_column column_padding=&#8220;no-extra-padding&#8220; column_padding_position=&#8220;all&#8220; background_color_opacity=&#8220;1&#8243; background_hover_color_opacity=&#8220;1&#8243; column_shadow=&#8220;none&#8220; column_border_radius=&#8220;none&#8220; width=&#8220;1\/4&#8243; tablet_text_alignment=&#8220;default&#8220; phone_text_alignment=&#8220;default&#8220; column_border_width=&#8220;none&#8220; column_border_style=&#8220;solid&#8220;][\/vc_column][\/vc_row][vc_row type=&#8220;full_width_content&#8220; full_screen_row_position=&#8220;middle&#8220; scene_position=&#8220;center&#8220; text_color=&#8220;light&#8220; text_align=&#8220;left&#8220; top_padding=&#8220;0&#8243; bottom_padding=&#8220;120&#8243; overlay_strength=&#8220;0.3&#8243; shape_divider_position=&#8220;bottom&#8220; shape_type=&#8220;&#8220;][vc_column enable_animation=&#8220;true&#8220; animation=&#8220;fade-in-from-bottom&#8220; centered_text=&#8220;true&#8220; column_padding=&#8220;no-extra-padding&#8220; column_padding_position=&#8220;all&#8220; background_color_opacity=&#8220;1&#8243; background_hover_color_opacity=&#8220;1&#8243; column_shadow=&#8220;none&#8220; column_border_radius=&#8220;none&#8220; width=&#8220;1\/1&#8243; tablet_text_alignment=&#8220;default&#8220; phone_text_alignment=&#8220;default&#8220; column_border_width=&#8220;none&#8220; column_border_style=&#8220;solid&#8220;][vc_row_inner column_margin=&#8220;default&#8220; text_align=&#8220;left&#8220;][vc_column_inner column_padding=&#8220;no-extra-padding&#8220; column_padding_position=&#8220;all&#8220; background_color_opacity=&#8220;1&#8243; background_hover_color_opacity=&#8220;1&#8243; column_shadow=&#8220;none&#8220; column_border_radius=&#8220;none&#8220; width=&#8220;1\/4&#8243; column_border_width=&#8220;none&#8220; column_border_style=&#8220;solid&#8220;][\/vc_column_inner][vc_column_inner enable_animation=&#8220;true&#8220; animation=&#8220;fade-in-from-bottom&#8220; column_padding=&#8220;no-extra-padding&#8220; column_padding_position=&#8220;all&#8220; background_color_opacity=&#8220;1&#8243; background_hover_color_opacity=&#8220;1&#8243; column_shadow=&#8220;none&#8220; column_border_radius=&#8220;none&#8220; width=&#8220;1\/2&#8243; column_border_width=&#8220;none&#8220; column_border_style=&#8220;solid&#8220;][nectar_gradient_text heading_tag=&#8220;h4&#8243; color=&#8220;extra-color-gradient-1&#8243; gradient_direction=&#8220;horizontal&#8220; text=&#8220;UNSERE PROJEKTE<br \/>\nSCHWEISSKONSTRUKTIONEN&#8220;]<div class=\"divider-wrap\"><div style=\"height: 20px;\" class=\"divider\"><\/div><\/div>[\/vc_column_inner][vc_column_inner column_padding=&#8220;no-extra-padding&#8220; column_padding_position=&#8220;all&#8220; background_color_opacity=&#8220;1&#8243; background_hover_color_opacity=&#8220;1&#8243; column_shadow=&#8220;none&#8220; column_border_radius=&#8220;none&#8220; width=&#8220;1\/4&#8243; column_border_width=&#8220;none&#8220; column_border_style=&#8220;solid&#8220;][\/vc_column_inner][\/vc_row_inner]\t\r\n\t\r\n\r\n\r\n\t<div class=\"portfolio-wrap \">\r\n\t\t\t\r\n\t\t\t\r\n\t\t\t<span class=\"portfolio-loading  none\">   <\/span>\r\n\r\n\t\t\t\r\n\t\t\t\t\t\t\r\n\t\t\t<div class=\"row portfolio-items masonry-items  fullwidth-constrained  \" data-rcp=\"false\" data-masonry-type=\"default\" data-ps=\"3\" data-starting-filter=\"\" data-gutter=\"5px\" data-categories-to-show=\"mecano-soudure\" data-lightbox-only=\"0\" data-col-num=\"elastic\">\r\n\t\t\t\t\t\t\t\t\t\r\n\t\t\t\t\t\t\t\t\t\t\r\n\t\t\t\t\t<div class=\"col elastic-portfolio-item wide element schweisskonstruktionen \"  data-project-cat=\"schweisskonstruktionen \" data-default-color=\"true\" data-title-color=\"\" data-subtitle-color=\"\">\r\n\t\t\t\t\t\t\r\n\t\t\t\t\t\t<div class=\"inner-wrap animated\" data-animation=\"perspective\">\r\n\r\n\t\t\t\t\t\t\t\t\t\t\t\t\t\r\n\t\t\t\t\t\t\t<div class=\"work-item style-3\" data-custom-content=\"off\" data-text-align=\"middle\">\r\n\t\t\t\t\t\t\t\t\r\n\t\t\t\t\t\t\t\t<img class=\"size-wide\" src=\"https:\/\/copy.stephan.ch\/wp-content\/uploads\/2018\/01\/Train-1000x500.jpg\" alt=\"\" height=\"500\" width=\"1000\" srcset=\"https:\/\/copy.stephan.ch\/wp-content\/uploads\/2018\/01\/Train-1000x500.jpg 1000w, https:\/\/copy.stephan.ch\/wp-content\/uploads\/2018\/01\/Train-670x335.jpg 670w\" sizes=\"(min-width: 1600px) 40vw, (min-width: 1300px) 50vw, (min-width: 1000px) 66.6vw, (min-width: 690px) 100vw, 100vw\" \/>\t\t\t\t\r\n\t\t\t\t\t\t\t\t<div class=\"work-info-bg\"><\/div>\r\n\t\t\t\t\t\t\t\t<div class=\"work-info\">\r\n\t\t\t\t\t\t\t\t\t\r\n\t\t\t\t\t\t\t\t\t\t\t\t\t\t\t\t\t\t\t\t\r\n\t\t\t\t\t\t\t\t\t\t\t<a href=\"https:\/\/copy.stephan.ch\/de\/portfolio\/bahnprodukte\"><\/a>\r\n\t\t\t\t\t\t\t\t\t\t\r\n\t\t\t\t\t\t\t\t\t\t\t\t\t\t\t\t\t\t\t\r\n\t\t\t\t\r\n\t\t\t\t\t\t\t\t\t<div class=\"vert-center\">\r\n\t\t\t\t\t\t\t\t\t\t\t\r\n\t\t\t\t\t\t\t\t\t\t\t<h3>Bahnprodukte <\/h3> \r\n\t\t\t\t\t\t\t\t\t\t\t<p>30 Januar , 2018<\/p>\t\t\t\t\t\t\t\t\t\t\t\t\t\t\t\t\t\t\t<\/div><!--\/vert-center-->\r\n\t\t\t\t\t\t\t\t\t\r\n\t\t\t\t\t\t\t\t<\/div>\r\n\t\t\t\t\t\t\t<\/div><!--work-item-->\r\n\t\t\t\t\t\t\t\r\n\t\t\t\t\t\t\t\t\t\t\t\t\r\n\t\t\t\t\t\t\r\n\t\t\t\t\t<\/div><!--\/inner-wrap-->\r\n\t\t\t\t\t<\/div><!--\/col-->\r\n\t\t\t\t\t\r\n\t\t\t\t\t\t\t\t\t\r\n\t\t\t\t\t\t\t\t\t\t\r\n\t\t\t\t\t<div class=\"col elastic-portfolio-item wide element schweisskonstruktionen \"  data-project-cat=\"schweisskonstruktionen \" data-default-color=\"true\" data-title-color=\"\" data-subtitle-color=\"\">\r\n\t\t\t\t\t\t\r\n\t\t\t\t\t\t<div class=\"inner-wrap animated\" data-animation=\"perspective\">\r\n\r\n\t\t\t\t\t\t\t\t\t\t\t\t\t\r\n\t\t\t\t\t\t\t<div class=\"work-item style-3\" data-custom-content=\"off\" data-text-align=\"middle\">\r\n\t\t\t\t\t\t\t\t\r\n\t\t\t\t\t\t\t\t<img class=\"size-wide\" src=\"https:\/\/copy.stephan.ch\/wp-content\/uploads\/2017\/12\/Matisa_00-1000x500.jpg\" alt=\"\" height=\"500\" width=\"1000\" srcset=\"https:\/\/copy.stephan.ch\/wp-content\/uploads\/2017\/12\/Matisa_00-1000x500.jpg 1000w, https:\/\/copy.stephan.ch\/wp-content\/uploads\/2017\/12\/Matisa_00-670x335.jpg 670w\" sizes=\"(min-width: 1600px) 40vw, (min-width: 1300px) 50vw, (min-width: 1000px) 66.6vw, (min-width: 690px) 100vw, 100vw\" \/>\t\t\t\t\r\n\t\t\t\t\t\t\t\t<div class=\"work-info-bg\"><\/div>\r\n\t\t\t\t\t\t\t\t<div class=\"work-info\">\r\n\t\t\t\t\t\t\t\t\t\r\n\t\t\t\t\t\t\t\t\t\t\t\t\t\t\t\t\t\t\t\t\r\n\t\t\t\t\t\t\t\t\t\t\t<a href=\"https:\/\/copy.stephan.ch\/de\/portfolio\/maschinenchassis-achterbahnwagen\"><\/a>\r\n\t\t\t\t\t\t\t\t\t\t\r\n\t\t\t\t\t\t\t\t\t\t\t\t\t\t\t\t\t\t\t\r\n\t\t\t\t\r\n\t\t\t\t\t\t\t\t\t<div class=\"vert-center\">\r\n\t\t\t\t\t\t\t\t\t\t\t\r\n\t\t\t\t\t\t\t\t\t\t\t<h3>Maschinenchassis\/Achterbahnwagen <\/h3> \r\n\t\t\t\t\t\t\t\t\t\t\t<p>30 Januar , 2018<\/p>\t\t\t\t\t\t\t\t\t\t\t\t\t\t\t\t\t\t\t<\/div><!--\/vert-center-->\r\n\t\t\t\t\t\t\t\t\t\r\n\t\t\t\t\t\t\t\t<\/div>\r\n\t\t\t\t\t\t\t<\/div><!--work-item-->\r\n\t\t\t\t\t\t\t\r\n\t\t\t\t\t\t\t\t\t\t\t\t\r\n\t\t\t\t\t\t\r\n\t\t\t\t\t<\/div><!--\/inner-wrap-->\r\n\t\t\t\t\t<\/div><!--\/col-->\r\n\t\t\t\t\t\r\n\t\t\t\t\t\t\t\t\t\r\n\t\t\t\t\t\t\t\t\t\t\r\n\t\t\t\t\t<div class=\"col elastic-portfolio-item wide element schweisskonstruktionen \"  data-project-cat=\"schweisskonstruktionen \" data-default-color=\"true\" data-title-color=\"\" data-subtitle-color=\"\">\r\n\t\t\t\t\t\t\r\n\t\t\t\t\t\t<div class=\"inner-wrap animated\" data-animation=\"perspective\">\r\n\r\n\t\t\t\t\t\t\t\t\t\t\t\t\t\r\n\t\t\t\t\t\t\t<div class=\"work-item style-3\" data-custom-content=\"off\" data-text-align=\"middle\">\r\n\t\t\t\t\t\t\t\t\r\n\t\t\t\t\t\t\t\t<img class=\"size-wide\" src=\"https:\/\/copy.stephan.ch\/wp-content\/uploads\/2018\/01\/wagons-900x500.jpg\" alt=\"\" height=\"500\" width=\"900\" srcset=\"https:\/\/copy.stephan.ch\/wp-content\/uploads\/2018\/01\/wagons-900x500.jpg 1000w, https:\/\/copy.stephan.ch\/wp-content\/uploads\/2018\/01\/wagons-670x335.jpg 670w\" sizes=\"(min-width: 1600px) 40vw, (min-width: 1300px) 50vw, (min-width: 1000px) 66.6vw, (min-width: 690px) 100vw, 100vw\" \/>\t\t\t\t\r\n\t\t\t\t\t\t\t\t<div class=\"work-info-bg\"><\/div>\r\n\t\t\t\t\t\t\t\t<div class=\"work-info\">\r\n\t\t\t\t\t\t\t\t\t\r\n\t\t\t\t\t\t\t\t\t\t\t\t\t\t\t\t\t\t\t\t\r\n\t\t\t\t\t\t\t\t\t\t\t<a href=\"https:\/\/copy.stephan.ch\/de\/portfolio\/bahnwagen-en-15085\"><\/a>\r\n\t\t\t\t\t\t\t\t\t\t\r\n\t\t\t\t\t\t\t\t\t\t\t\t\t\t\t\t\t\t\t\r\n\t\t\t\t\r\n\t\t\t\t\t\t\t\t\t<div class=\"vert-center\">\r\n\t\t\t\t\t\t\t\t\t\t\t\r\n\t\t\t\t\t\t\t\t\t\t\t<h3>Bahnwagen (EN 15085) <\/h3> \r\n\t\t\t\t\t\t\t\t\t\t\t<p>30 Januar , 2018<\/p>\t\t\t\t\t\t\t\t\t\t\t\t\t\t\t\t\t\t\t<\/div><!--\/vert-center-->\r\n\t\t\t\t\t\t\t\t\t\r\n\t\t\t\t\t\t\t\t<\/div>\r\n\t\t\t\t\t\t\t<\/div><!--work-item-->\r\n\t\t\t\t\t\t\t\r\n\t\t\t\t\t\t\t\t\t\t\t\t\r\n\t\t\t\t\t\t\r\n\t\t\t\t\t<\/div><!--\/inner-wrap-->\r\n\t\t\t\t\t<\/div><!--\/col-->\r\n\t\t\t\t\t\r\n\t\t\t\t\r\n\t\t\t<\/div><!--\/portfolio-->\r\n\t   <\/div><!--\/portfolio wrap-->\r\n\t\t\r\n\t\t<div class=\"divider-wrap\"><div style=\"height: 40px;\" class=\"divider\"><\/div><\/div>[nectar_btn size=&#8220;medium&#8220; button_style=&#8220;see-through-2&#8243; color_override=&#8220;#0081c4&#8243; hover_text_color_override=&#8220;#ffffff&#8220; icon_family=&#8220;none&#8220; url=&#8220;portfolio&#8220; text=&#8220;Sehen Sie alle unsere Referenzen&#8220; css_animation=&#8220;fadeInUp&#8220;][\/vc_column][\/vc_row][vc_row type=&#8220;full_width_background&#8220; full_screen_row_position=&#8220;middle&#8220; bg_image=&#8220;5658&#8243; bg_position=&#8220;left top&#8220; bg_repeat=&#8220;no-repeat&#8220; parallax_bg=&#8220;true&#8220; parallax_bg_speed=&#8220;medium&#8220; scene_position=&#8220;center&#8220; text_color=&#8220;dark&#8220; text_align=&#8220;left&#8220; top_padding=&#8220;90&#8243; bottom_padding=&#8220;90&#8243; overlay_strength=&#8220;0.3&#8243; shape_divider_position=&#8220;bottom&#8220; shape_type=&#8220;&#8220;][vc_column centered_text=&#8220;true&#8220; column_padding=&#8220;padding-10-percent&#8220; column_padding_position=&#8220;left&#8220; background_color_opacity=&#8220;1&#8243; background_hover_color_opacity=&#8220;1&#8243; column_shadow=&#8220;none&#8220; column_border_radius=&#8220;none&#8220; width=&#8220;1\/3&#8243; tablet_text_alignment=&#8220;default&#8220; phone_text_alignment=&#8220;default&#8220; column_border_width=&#8220;none&#8220; column_border_style=&#8220;solid&#8220;]<div class=\"milestone-wrap\"><div class=\"nectar-milestone motion_blur\"  data-ms-align=\"default\" > <div class=\"number accent-color\" data-number-size=\"250\"><h1>5<\/h1><\/div> <div class=\"subject\" style=\"padding: 2%;\">Abteilungen<\/div> <\/div><\/div>[\/vc_column][vc_column enable_animation=&#8220;true&#8220; animation=&#8220;fade-in-from-bottom&#8220; centered_text=&#8220;true&#8220; column_padding=&#8220;no-extra-padding&#8220; column_padding_position=&#8220;all&#8220; background_color_opacity=&#8220;1&#8243; background_hover_color_opacity=&#8220;1&#8243; column_shadow=&#8220;none&#8220; column_border_radius=&#8220;none&#8220; width=&#8220;1\/3&#8243; tablet_text_alignment=&#8220;default&#8220; phone_text_alignment=&#8220;default&#8220; column_border_width=&#8220;none&#8220; column_border_style=&#8220;solid&#8220;]<div class=\"divider-wrap\"><div style=\"height: 50px;\" class=\"divider\"><\/div><\/div>[nectar_btn size=&#8220;small&#8220; button_style=&#8220;see-through&#8220; button_color_2=&#8220;Extra-Color-3&#8243; icon_family=&#8220;none&#8220; url=&#8220;stahlbau&#8220; text=&#8220;Stahlbau&#8220; css_animation=&#8220;fadeInUp&#8220;]<div class=\"divider-wrap\"><div style=\"height: 5px;\" class=\"divider\"><\/div><\/div>[nectar_btn size=&#8220;small&#8220; button_style=&#8220;see-through&#8220; button_color_2=&#8220;Extra-Color-3&#8243; icon_family=&#8220;none&#8220; url=&#8220;fassaden&#8220; text=&#8220;Fassaden&#8220; css_animation=&#8220;fadeInUp&#8220;]<div class=\"divider-wrap\"><div style=\"height: 5px;\" class=\"divider\"><\/div><\/div>[nectar_btn size=&#8220;small&#8220; button_style=&#8220;see-through&#8220; button_color_2=&#8220;Extra-Color-3&#8243; icon_family=&#8220;none&#8220; url=&#8220;krananlagen&#8220; text=&#8220;Krananlagen&#8220; css_animation=&#8220;fadeInUp&#8220;]<div class=\"divider-wrap\"><div style=\"height: 5px;\" class=\"divider\"><\/div><\/div>[nectar_btn size=&#8220;small&#8220; button_style=&#8220;see-through&#8220; button_color_2=&#8220;Extra-Color-3&#8243; icon_family=&#8220;none&#8220; url=&#8220;schweisskonstruktionen&#8220; text=&#8220;Schweisskonstruktionen&#8220; css_animation=&#8220;fadeInUp&#8220;]<div class=\"divider-wrap\"><div style=\"height: 5px;\" class=\"divider\"><\/div><\/div>[nectar_btn size=&#8220;small&#8220; button_style=&#8220;see-through&#8220; button_color_2=&#8220;Extra-Color-3&#8243; icon_family=&#8220;none&#8220; url=&#8220;kundendienst&#8220; text=&#8220;Kundendienst&#8220; css_animation=&#8220;fadeInUp&#8220;][\/vc_column][vc_column centered_text=&#8220;true&#8220; column_padding=&#8220;padding-10-percent&#8220; column_padding_position=&#8220;right&#8220; background_color_opacity=&#8220;1&#8243; background_hover_color_opacity=&#8220;1&#8243; column_shadow=&#8220;none&#8220; column_border_radius=&#8220;none&#8220; width=&#8220;1\/3&#8243; tablet_text_alignment=&#8220;default&#8220; phone_text_alignment=&#8220;default&#8220; column_border_width=&#8220;none&#8220; column_border_style=&#8220;solid&#8220;]<div class=\"milestone-wrap\"><div class=\"nectar-milestone motion_blur\"  data-ms-align=\"default\" > <div class=\"number accent-color\" data-number-size=\"250\"><h1>1<\/h1><\/div> <div class=\"subject\" style=\"padding: 2%;\">Partner<\/div> <\/div><\/div>[\/vc_column][\/vc_row][vc_row type=&#8220;full_width_background&#8220; full_screen_row_position=&#8220;middle&#8220; bg_color=&#8220;#f2f2f2&#8243; scene_position=&#8220;center&#8220; text_color=&#8220;dark&#8220; text_align=&#8220;left&#8220; top_padding=&#8220;40&#8243; bottom_padding=&#8220;40&#8243; overlay_strength=&#8220;0.3&#8243; shape_divider_position=&#8220;bottom&#8220; shape_type=&#8220;&#8220;][vc_column enable_animation=&#8220;true&#8220; animation=&#8220;grow-in&#8220; centered_text=&#8220;true&#8220; column_padding=&#8220;no-extra-padding&#8220; column_padding_position=&#8220;all&#8220; background_color_opacity=&#8220;1&#8243; background_hover_color_opacity=&#8220;1&#8243; column_shadow=&#8220;none&#8220; column_border_radius=&#8220;none&#8220; width=&#8220;1\/1&#8243; tablet_text_alignment=&#8220;default&#8220; phone_text_alignment=&#8220;default&#8220; column_border_width=&#8220;none&#8220; column_border_style=&#8220;solid&#8220;][nectar_video_lightbox link_style=&#8220;play_button_with_text&#8220; nectar_play_button_color=&#8220;Default-Accent-Color&#8220; font_style=&#8220;h4&#8243; video_url=&#8220;https:\/\/vimeo.com\/284884797&#8243; link_text=&#8220;Firmenvideo ansehen &#8222;][\/vc_column][\/vc_row]\n","protected":false},"excerpt":{"rendered":"<p>[vc_row type=&#8220;in_container&#8220; full_screen_row_position=&#8220;middle&#8220; mouse_based_parallax_bg=&#8220;true&#8220; scene_position=&#8220;center&#8220; layer_one_image=&#8220;6551&#8243; layer_one_strength=&#8220;1&#8243; text_color=&#8220;dark&#8220; text_align=&#8220;left&#8220; top_padding=&#8220;100&#8243; bottom_padding=&#8220;100&#8243; overlay_strength=&#8220;0.3&#8243; shape_divider_position=&#8220;bottom&#8220; shape_type=&#8220;&#8220;][vc_column column_padding=&#8220;no-extra-padding&#8220; column_padding_position=&#8220;all&#8220; background_color_opacity=&#8220;1&#8243; background_hover_color_opacity=&#8220;1&#8243; column_shadow=&#8220;none&#8220; column_border_radius=&#8220;none&#8220; width=&#8220;1\/4&#8243; tablet_text_alignment=&#8220;default&#8220; phone_text_alignment=&#8220;default&#8220; column_border_width=&#8220;none&#8220; column_border_style=&#8220;solid&#8220;][\/vc_column][vc_column enable_animation=&#8220;true&#8220; animation=&#8220;fade-in-from-bottom&#8220; column_padding=&#8220;no-extra-padding&#8220; column_padding_position=&#8220;all&#8220; background_color_opacity=&#8220;1&#8243;&#8230;<\/p>\n","protected":false},"author":1,"featured_media":0,"parent":0,"menu_order":0,"comment_status":"closed","ping_status":"closed","template":"","meta":[],"acf":[],"_links":{"self":[{"href":"https:\/\/copy.stephan.ch\/de\/wp-json\/wp\/v2\/pages\/6288"}],"collection":[{"href":"https:\/\/copy.stephan.ch\/de\/wp-json\/wp\/v2\/pages"}],"about":[{"href":"https:\/\/copy.stephan.ch\/de\/wp-json\/wp\/v2\/types\/page"}],"author":[{"embeddable":true,"href":"https:\/\/copy.stephan.ch\/de\/wp-json\/wp\/v2\/users\/1"}],"replies":[{"embeddable":true,"href":"https:\/\/copy.stephan.ch\/de\/wp-json\/wp\/v2\/comments?post=6288"}],"version-history":[{"count":12,"href":"https:\/\/copy.stephan.ch\/de\/wp-json\/wp\/v2\/pages\/6288\/revisions"}],"predecessor-version":[{"id":6872,"href":"https:\/\/copy.stephan.ch\/de\/wp-json\/wp\/v2\/pages\/6288\/revisions\/6872"}],"wp:attachment":[{"href":"https:\/\/copy.stephan.ch\/de\/wp-json\/wp\/v2\/media?parent=6288"}],"curies":[{"name":"wp","href":"https:\/\/api.w.org\/{rel}","templated":true}]}}